{"id":2938,"date":"2025-11-16T18:56:56","date_gmt":"2025-11-16T15:56:56","guid":{"rendered":"https:\/\/armadagroup.construction\/?page_id=2938"},"modified":"2026-02-23T00:09:05","modified_gmt":"2026-02-22T21:09:05","slug":"nos-projets","status":"publish","type":"page","link":"https:\/\/armadagroup.construction\/fr\/nos-projets\/","title":{"rendered":"Nos projets"},"content":{"rendered":"\t\t<div data-elementor-type=\"wp-page\" data-elementor-id=\"2938\" class=\"elementor elementor-2938 elementor-2402\" data-elementor-post-type=\"page\">\n\t\t\t\t<div class=\"elementor-element elementor-element-1555e0b e-con-full e-flex wpr-particle-no wpr-jarallax-no wpr-parallax-no wpr-sticky-section-no wpr-column-slider-no wpr-equal-height-no e-con e-parent\" data-id=\"1555e0b\" data-element_type=\"container\" data-e-type=\"container\">\n\t\t\t\t<div class=\"elementor-element elementor-element-fd0ca19 e-n-tabs-mobile elementor-widget elementor-widget-n-tabs\" data-id=\"fd0ca19\" data-element_type=\"widget\" data-e-type=\"widget\" data-settings=\"{&quot;horizontal_scroll&quot;:&quot;disable&quot;}\" data-widget_type=\"nested-tabs.default\">\n\t\t\t\t\t\t\t<div class=\"e-n-tabs\" data-widget-number=\"265341465\" aria-label=\"Onglets. Ouvrez des \u00e9l\u00e9ments avec Entrer ou Espace, fermez-les avec Echape et naviguez \u00e0 l&#039;aide des touches fl\u00e9ch\u00e9es.\">\n\t\t\t<div class=\"e-n-tabs-heading\" role=\"tablist\">\n\t\t\t\t\t<button id=\"e-n-tab-title-2653414651\" data-tab-title-id=\"e-n-tab-title-2653414651\" class=\"e-n-tab-title\" aria-selected=\"true\" data-tab-index=\"1\" role=\"tab\" tabindex=\"0\" aria-controls=\"e-n-tab-content-2653414651\" style=\"--n-tabs-title-order: 1;\">\n\t\t\t\t\t\t<span class=\"e-n-tab-title-text\">\n\t\t\t\t\ud83c\uddf9\ud83c\udde9 Tchad\t\t\t<\/span>\n\t\t<\/button>\n\t\t\t\t<button id=\"e-n-tab-title-2653414652\" data-tab-title-id=\"e-n-tab-title-2653414652\" class=\"e-n-tab-title\" aria-selected=\"false\" data-tab-index=\"2\" role=\"tab\" tabindex=\"-1\" aria-controls=\"e-n-tab-content-2653414652\" style=\"--n-tabs-title-order: 2;\">\n\t\t\t\t\t\t<span class=\"e-n-tab-title-text\">\n\t\t\t\t\ud83c\udde8\ud83c\uddf2 Cameroun\t\t\t<\/span>\n\t\t<\/button>\n\t\t\t\t\t<\/div>\n\t\t\t<div class=\"e-n-tabs-content\">\n\t\t\t\t<div id=\"e-n-tab-content-2653414651\" role=\"tabpanel\" aria-labelledby=\"e-n-tab-title-2653414651\" data-tab-index=\"1\" style=\"--n-tabs-title-order: 1;\" class=\"e-active elementor-element elementor-element-e557241 e-con-full e-flex wpr-particle-no wpr-jarallax-no wpr-parallax-no wpr-sticky-section-no wpr-column-slider-no wpr-equal-height-no e-con e-child\" data-id=\"e557241\" data-element_type=\"container\" data-e-type=\"container\">\n\t\t\t\t<\/div>\n\t\t<div id=\"e-n-tab-content-2653414652\" role=\"tabpanel\" aria-labelledby=\"e-n-tab-title-2653414652\" data-tab-index=\"2\" style=\"--n-tabs-title-order: 2;\" class=\" elementor-element elementor-element-71eb061 e-con-full e-flex wpr-particle-no wpr-jarallax-no wpr-parallax-no wpr-sticky-section-no wpr-column-slider-no wpr-equal-height-no e-con e-child\" data-id=\"71eb061\" data-element_type=\"container\" data-e-type=\"container\">\n\t\t\t\t<\/div>\n\t\t\t\t\t<\/div>\n\t\t<\/div>\n\t\t\t\t\t\t<\/div>\n\t\t\t\t<\/div>\n\t\t<div class=\"elementor-element elementor-element-ac6824c e-con-full e-flex wpr-particle-no wpr-jarallax-no wpr-parallax-no wpr-sticky-section-no wpr-column-slider-no wpr-equal-height-no e-con e-parent\" data-id=\"ac6824c\" data-element_type=\"container\" data-e-type=\"container\">\n\t\t\t\t<div class=\"elementor-element elementor-element-af27213 e-n-tabs-mobile elementor-widget elementor-widget-n-tabs\" data-id=\"af27213\" data-element_type=\"widget\" data-e-type=\"widget\" data-settings=\"{&quot;horizontal_scroll&quot;:&quot;disable&quot;}\" data-widget_type=\"nested-tabs.default\">\n\t\t\t\t\t\t\t<div class=\"e-n-tabs\" data-widget-number=\"183661075\" aria-label=\"Onglets. Ouvrez des \u00e9l\u00e9ments avec Entrer ou Espace, fermez-les avec Echape et naviguez \u00e0 l&#039;aide des touches fl\u00e9ch\u00e9es.\">\n\t\t\t<div class=\"e-n-tabs-heading\" role=\"tablist\">\n\t\t\t\t\t<button id=\"e-n-tab-title-1836610751\" data-tab-title-id=\"e-n-tab-title-1836610751\" class=\"e-n-tab-title\" aria-selected=\"true\" data-tab-index=\"1\" role=\"tab\" tabindex=\"0\" aria-controls=\"e-n-tab-content-1836610751\" style=\"--n-tabs-title-order: 1;\">\n\t\t\t\t\t\t<span class=\"e-n-tab-title-text\">\n\t\t\t\t\ud83c\udde8\ud83c\uddee C\u00f4te d\u2019Ivoire\t\t\t<\/span>\n\t\t<\/button>\n\t\t\t\t<button id=\"e-n-tab-title-1836610752\" data-tab-title-id=\"e-n-tab-title-1836610752\" class=\"e-n-tab-title\" aria-selected=\"false\" data-tab-index=\"2\" role=\"tab\" tabindex=\"-1\" aria-controls=\"e-n-tab-content-1836610752\" style=\"--n-tabs-title-order: 2;\">\n\t\t\t\t\t\t<span class=\"e-n-tab-title-text\">\n\t\t\t\t \ud83c\uddec\ud83c\udde6 Gabon\t\t\t<\/span>\n\t\t<\/button>\n\t\t\t\t<button id=\"e-n-tab-title-1836610753\" data-tab-title-id=\"e-n-tab-title-1836610753\" class=\"e-n-tab-title\" aria-selected=\"false\" data-tab-index=\"3\" role=\"tab\" tabindex=\"-1\" aria-controls=\"e-n-tab-content-1836610753\" style=\"--n-tabs-title-order: 3;\">\n\t\t\t\t\t\t<span class=\"e-n-tab-title-text\">\n\t\t\t\t\ud83c\uddf3\ud83c\uddea Niger\t\t\t<\/span>\n\t\t<\/button>\n\t\t\t\t<button id=\"e-n-tab-title-1836610754\" data-tab-title-id=\"e-n-tab-title-1836610754\" class=\"e-n-tab-title\" aria-selected=\"false\" data-tab-index=\"4\" role=\"tab\" tabindex=\"-1\" aria-controls=\"e-n-tab-content-1836610754\" style=\"--n-tabs-title-order: 4;\">\n\t\t\t\t\t\t<span class=\"e-n-tab-title-text\">\n\t\t\t\t\ud83c\udde6\ud83c\uddea \u00c9mirats arabes unis\t\t\t<\/span>\n\t\t<\/button>\n\t\t\t\t\t<\/div>\n\t\t\t<div class=\"e-n-tabs-content\">\n\t\t\t\t<div id=\"e-n-tab-content-1836610751\" role=\"tabpanel\" aria-labelledby=\"e-n-tab-title-1836610751\" data-tab-index=\"1\" style=\"--n-tabs-title-order: 1;\" class=\"e-active elementor-element elementor-element-a4fe394 e-con-full e-flex wpr-particle-no wpr-jarallax-no wpr-parallax-no wpr-sticky-section-no wpr-column-slider-no wpr-equal-height-no e-con e-child\" data-id=\"a4fe394\" data-element_type=\"container\" data-e-type=\"container\">\n\t\t\t\t<\/div>\n\t\t<div id=\"e-n-tab-content-1836610752\" role=\"tabpanel\" aria-labelledby=\"e-n-tab-title-1836610752\" data-tab-index=\"2\" style=\"--n-tabs-title-order: 2;\" class=\" elementor-element elementor-element-2c659cd e-con-full e-flex wpr-particle-no wpr-jarallax-no wpr-parallax-no wpr-sticky-section-no wpr-column-slider-no wpr-equal-height-no e-con e-child\" data-id=\"2c659cd\" data-element_type=\"container\" data-e-type=\"container\">\n\t\t\t\t<\/div>\n\t\t<div id=\"e-n-tab-content-1836610753\" role=\"tabpanel\" aria-labelledby=\"e-n-tab-title-1836610753\" data-tab-index=\"3\" style=\"--n-tabs-title-order: 3;\" class=\" elementor-element elementor-element-688e8f1 e-con-full e-flex wpr-particle-no wpr-jarallax-no wpr-parallax-no wpr-sticky-section-no wpr-column-slider-no wpr-equal-height-no e-con e-child\" data-id=\"688e8f1\" data-element_type=\"container\" data-e-type=\"container\">\n\t\t\t\t<\/div>\n\t\t<div id=\"e-n-tab-content-1836610754\" role=\"tabpanel\" aria-labelledby=\"e-n-tab-title-1836610754\" data-tab-index=\"4\" style=\"--n-tabs-title-order: 4;\" class=\" elementor-element elementor-element-ef7b4d3 e-con-full e-flex wpr-particle-no wpr-jarallax-no wpr-parallax-no wpr-sticky-section-no wpr-column-slider-no wpr-equal-height-no e-con e-child\" data-id=\"ef7b4d3\" data-element_type=\"container\" data-e-type=\"container\">\n\t\t\t\t<\/div>\n\t\t\t\t\t<\/div>\n\t\t<\/div>\n\t\t\t\t\t\t<\/div>\n\t\t\t\t<\/div>\n\t\t\t\t<\/div>\n\t\t","protected":false},"excerpt":{"rendered":"<p>\ud83c\uddf9\ud83c\udde9 Tchad \ud83c\udde8\ud83c\uddf2 Cameroun Construction du service des urgences gyn\u00e9cologiques et p\u00e9diatriques au Centre Hospitalier Universitaire de la M\u00e8re et de l\u2019Enfant \u2013 N\u2019Djamena, Tchad Tchad En savoir plus \u00bb Construction du march\u00e9 \u00e0 b\u00e9tail de Kalait \u2013 R\u00e9gion de l\u2019Ennedi, Tchad Tchad En savoir plus \u00bb R\u00e9alisation de puits pastoraux dans la r\u00e9gion du Batha \u2013 Tchad En savoir plus \u00bb Construction du march\u00e9 \u00e0 b\u00e9tail de Tcharaw \u2013 Province de Goz Beida, Tchad Tchad En savoir plus \u00bb Construction d\u2019un march\u00e9 \u00e0 b\u00e9tail \u00e0 Karme, d\u00e9partement de Hadjer Lamis \u2013 Tchad En savoir plus \u00bb Construction d\u2019un nouveau pont \u00e0 Pintchoumba \u2013 D\u00e9partement de Poli, R\u00e9gion de Garoua, Cameroun Cameroun En savoir plus \u00bb Construction des amphith\u00e9\u00e2tres 300 et 500 \u00e0 l\u2019Universit\u00e9 de Garoua \u2013 Cameroun En savoir plus \u00bb Construction du march\u00e9 \u00e0 b\u00e9tail et poisson \u00e0 Garoua \u2013 Cameroun En savoir plus \u00bb Travaux de terrassement de l\u2019Universit\u00e9 de Bertoua \u2013 Cameroun En savoir plus \u00bb \ud83c\udde8\ud83c\uddee C\u00f4te d\u2019Ivoire \ud83c\uddec\ud83c\udde6 Gabon \ud83c\uddf3\ud83c\uddea Niger \ud83c\udde6\ud83c\uddea \u00c9mirats arabes unis Travaux de terrassement du site de reclassement \u00e0 Ibempe \u2013 C\u00f4te d\u2019Ivoire En savoir plus \u00bb Construction d\u2019un ch\u00e2teau d\u2019eau de 450 m\u00b3 \u00e0 l\u2019Universit\u00e9 de Daloa \u2013 C\u00f4te d\u2019Ivoire En savoir plus \u00bb<\/p>\n","protected":false},"author":1,"featured_media":0,"parent":0,"menu_order":0,"comment_status":"closed","ping_status":"closed","template":"","meta":{"footnotes":""},"class_list":["post-2938","page","type-page","status-publish","hentry"],"_hostinger_reach_plugin_has_subscription_block":false,"_hostinger_reach_plugin_is_elementor":false,"acf":[],"_links":{"self":[{"href":"https:\/\/armadagroup.construction\/fr\/wp-json\/wp\/v2\/pages\/2938","targetHints":{"allow":["GET"]}}],"collection":[{"href":"https:\/\/armadagroup.construction\/fr\/wp-json\/wp\/v2\/pages"}],"about":[{"href":"https:\/\/armadagroup.construction\/fr\/wp-json\/wp\/v2\/types\/page"}],"author":[{"embeddable":true,"href":"https:\/\/armadagroup.construction\/fr\/wp-json\/wp\/v2\/users\/1"}],"replies":[{"embeddable":true,"href":"https:\/\/armadagroup.construction\/fr\/wp-json\/wp\/v2\/comments?post=2938"}],"version-history":[{"count":22,"href":"https:\/\/armadagroup.construction\/fr\/wp-json\/wp\/v2\/pages\/2938\/revisions"}],"predecessor-version":[{"id":3482,"href":"https:\/\/armadagroup.construction\/fr\/wp-json\/wp\/v2\/pages\/2938\/revisions\/3482"}],"wp:attachment":[{"href":"https:\/\/armadagroup.construction\/fr\/wp-json\/wp\/v2\/media?parent=2938"}],"curies":[{"name":"wp","href":"https:\/\/api.w.org\/{rel}","templated":true}]}}