{"id":2536,"date":"2025-11-16T19:23:57","date_gmt":"2025-11-16T16:23:57","guid":{"rendered":"https:\/\/armadagroup.construction\/%d9%84%d9%85%d8%a7%d8%b0%d8%a7-%d8%aa%d8%ae%d8%aa%d8%a7%d8%b1%d9%86%d8%a7\/"},"modified":"2026-01-04T01:50:09","modified_gmt":"2026-01-03T22:50:09","slug":"%d9%84%d9%85%d8%a7%d8%b0%d8%a7-%d8%aa%d8%ae%d8%aa%d8%a7%d8%b1%d9%86%d8%a7","status":"publish","type":"page","link":"https:\/\/armadagroup.construction\/fr\/%d9%84%d9%85%d8%a7%d8%b0%d8%a7-%d8%aa%d8%ae%d8%aa%d8%a7%d8%b1%d9%86%d8%a7\/","title":{"rendered":"Pourquoi nous choisir"},"content":{"rendered":"\t\t<div data-elementor-type=\"wp-page\" data-elementor-id=\"2536\" class=\"elementor elementor-2536 elementor-2524\" data-elementor-post-type=\"page\">\n\t\t\t\t<div class=\"elementor-element elementor-element-6de21b8 e-con-full e-flex wpr-particle-no wpr-jarallax-no wpr-parallax-no wpr-sticky-section-no wpr-column-slider-no wpr-equal-height-no e-con e-parent\" data-id=\"6de21b8\" data-element_type=\"container\" data-e-type=\"container\" data-settings=\"{&quot;background_background&quot;:&quot;classic&quot;}\">\n\t\t\t\t<div class=\"elementor-element elementor-element-4963027 elementor-widget elementor-widget-heading\" data-id=\"4963027\" data-element_type=\"widget\" data-e-type=\"widget\" data-widget_type=\"heading.default\">\n\t\t\t\t\t<h2 class=\"elementor-heading-title elementor-size-default\">Pourquoi nous choisir ?\n<\/h2>\t\t\t\t<\/div>\n\t\t\t\t<\/div>\n\t\t<div class=\"elementor-element elementor-element-ddbc689 e-flex e-con-boxed wpr-particle-no wpr-jarallax-no wpr-parallax-no wpr-sticky-section-no wpr-column-slider-no wpr-equal-height-no e-con e-parent\" data-id=\"ddbc689\" data-element_type=\"container\" data-e-type=\"container\" data-settings=\"{&quot;background_background&quot;:&quot;classic&quot;}\">\n\t\t\t\t\t<div class=\"e-con-inner\">\n\t\t\t\t<div class=\"elementor-element elementor-element-646bd8c animated-slow elementor-headline--style-highlight elementor-invisible elementor-widget elementor-widget-animated-headline\" data-id=\"646bd8c\" data-element_type=\"widget\" data-e-type=\"widget\" data-settings=\"{&quot;marker&quot;:&quot;underline&quot;,&quot;highlighted_text&quot;:&quot;Pourquoi choisir Armada ?&quot;,&quot;_animation&quot;:&quot;zoomIn&quot;,&quot;headline_style&quot;:&quot;highlight&quot;,&quot;loop&quot;:&quot;yes&quot;,&quot;highlight_animation_duration&quot;:1200,&quot;highlight_iteration_delay&quot;:8000}\" data-widget_type=\"animated-headline.default\">\n\t\t\t\t\t\t\t<h3 class=\"elementor-headline\">\n\t\t\t\t<span class=\"elementor-headline-dynamic-wrapper elementor-headline-text-wrapper\">\n\t\t\t\t\t<span class=\"elementor-headline-dynamic-text elementor-headline-text-active\">Pourquoi choisir Armada ?<\/span>\n\t\t\t\t<\/span>\n\t\t\t\t<\/h3>\n\t\t\t\t\t\t<\/div>\n\t\t\t\t\t<\/div>\n\t\t\t\t<\/div>\n\t\t<div class=\"elementor-element elementor-element-29b5b6b e-flex e-con-boxed wpr-particle-no wpr-jarallax-no wpr-parallax-no wpr-sticky-section-no wpr-column-slider-no wpr-equal-height-no e-con e-parent\" data-id=\"29b5b6b\" data-element_type=\"container\" data-e-type=\"container\">\n\t\t\t\t\t<div class=\"e-con-inner\">\n\t\t\t\t<div class=\"elementor-element elementor-element-8c14f96 elementor-widget__width-initial elementor-widget elementor-widget-elementskit-faq\" data-id=\"8c14f96\" data-element_type=\"widget\" data-e-type=\"widget\" data-widget_type=\"elementskit-faq.default\">\n\t\t\t\t\t<div class=\"ekit-wid-con\" >\n                <div class=\"elementskit-single-faq elementor-repeater-item-933ec5b\">\n            <div class=\"elementskit-faq-header\">\n                <h2 class=\"elementskit-faq-title\">1. Une exp\u00e9rience reconnue dans la r\u00e9alisation de projets d&#039;envergure pour les gouvernements africains.<\/h2>\n            <\/div>\n            <div class=\"elementskit-faq-body\">\n                            <\/div>\n        <\/div>\n                <div class=\"elementskit-single-faq elementor-repeater-item-b2cc0e1\">\n            <div class=\"elementskit-faq-header\">\n                <h2 class=\"elementskit-faq-title\">2. Un engagement total envers les normes internationales de qualit\u00e9 et de s\u00e9curit\u00e9.<\/h2>\n            <\/div>\n            <div class=\"elementskit-faq-body\">\n                            <\/div>\n        <\/div>\n                <div class=\"elementskit-single-faq elementor-repeater-item-83f844a\">\n            <div class=\"elementskit-faq-header\">\n                <h2 class=\"elementskit-faq-title\">3. Une grande stabilit\u00e9 financi\u00e8re et d&#039;excellentes capacit\u00e9s op\u00e9rationnelles.<\/h2>\n            <\/div>\n            <div class=\"elementskit-faq-body\">\n                            <\/div>\n        <\/div>\n                <div class=\"elementskit-single-faq elementor-repeater-item-b5b166a\">\n            <div class=\"elementskit-faq-header\">\n                <h2 class=\"elementskit-faq-title\">4. Un vaste r\u00e9seau d&#039;agences garantissant une ex\u00e9cution rapide et un soutien logistique optimal.<\/h2>\n            <\/div>\n            <div class=\"elementskit-faq-body\">\n                            <\/div>\n        <\/div>\n                <div class=\"elementskit-single-faq elementor-repeater-item-43cd601\">\n            <div class=\"elementskit-faq-header\">\n                <h2 class=\"elementskit-faq-title\">5. Une r\u00e9putation fond\u00e9e sur la confiance, les r\u00e9sultats et la durabilit\u00e9.<\/h2>\n            <\/div>\n            <div class=\"elementskit-faq-body\">\n                            <\/div>\n        <\/div>\n                \n    <\/div>\t\t\t\t<\/div>\n\t\t\t\t\t<\/div>\n\t\t\t\t<\/div>\n\t\t\t\t<\/div>\n\t\t","protected":false},"excerpt":{"rendered":"<p>Pourquoi nous choisir ? Pourquoi choisir Armada ? 1. Une exp\u00e9rience reconnue dans la r\u00e9alisation de projets d&#039;envergure pour les gouvernements africains. 2. Un engagement total envers les normes internationales de qualit\u00e9 et de s\u00e9curit\u00e9. 3. Une grande stabilit\u00e9 financi\u00e8re et d&#039;excellentes capacit\u00e9s op\u00e9rationnelles. 4. Un vaste r\u00e9seau d&#039;agences garantissant une ex\u00e9cution rapide et un soutien logistique optimal. 5. Une r\u00e9putation fond\u00e9e sur la confiance, les r\u00e9sultats et la durabilit\u00e9.<\/p>\n","protected":false},"author":1,"featured_media":0,"parent":0,"menu_order":0,"comment_status":"closed","ping_status":"closed","template":"","meta":{"footnotes":""},"class_list":["post-2536","page","type-page","status-publish","hentry"],"_hostinger_reach_plugin_has_subscription_block":false,"_hostinger_reach_plugin_is_elementor":false,"acf":[],"_links":{"self":[{"href":"https:\/\/armadagroup.construction\/fr\/wp-json\/wp\/v2\/pages\/2536","targetHints":{"allow":["GET"]}}],"collection":[{"href":"https:\/\/armadagroup.construction\/fr\/wp-json\/wp\/v2\/pages"}],"about":[{"href":"https:\/\/armadagroup.construction\/fr\/wp-json\/wp\/v2\/types\/page"}],"author":[{"embeddable":true,"href":"https:\/\/armadagroup.construction\/fr\/wp-json\/wp\/v2\/users\/1"}],"replies":[{"embeddable":true,"href":"https:\/\/armadagroup.construction\/fr\/wp-json\/wp\/v2\/comments?post=2536"}],"version-history":[{"count":8,"href":"https:\/\/armadagroup.construction\/fr\/wp-json\/wp\/v2\/pages\/2536\/revisions"}],"predecessor-version":[{"id":2782,"href":"https:\/\/armadagroup.construction\/fr\/wp-json\/wp\/v2\/pages\/2536\/revisions\/2782"}],"wp:attachment":[{"href":"https:\/\/armadagroup.construction\/fr\/wp-json\/wp\/v2\/media?parent=2536"}],"curies":[{"name":"wp","href":"https:\/\/api.w.org\/{rel}","templated":true}]}}