{"id":2004,"date":"2025-11-16T17:19:15","date_gmt":"2025-11-16T14:19:15","guid":{"rendered":"https:\/\/armadagroup.construction\/%d9%85%d9%86-%d9%86%d8%ad%d9%86\/"},"modified":"2026-04-19T21:12:15","modified_gmt":"2026-04-19T18:12:15","slug":"%d9%85%d9%86-%d9%86%d8%ad%d9%86","status":"publish","type":"page","link":"https:\/\/armadagroup.construction\/fr\/%d9%85%d9%86-%d9%86%d8%ad%d9%86\/","title":{"rendered":"qui on est"},"content":{"rendered":"\t\t<div data-elementor-type=\"wp-page\" data-elementor-id=\"2004\" class=\"elementor elementor-2004 elementor-2001\" data-elementor-post-type=\"page\">\n\t\t\t\t<div class=\"elementor-element elementor-element-54eacdf5 e-flex e-con-boxed wpr-particle-no wpr-jarallax-no wpr-parallax-no wpr-sticky-section-no wpr-column-slider-no wpr-equal-height-no e-con e-parent\" data-id=\"54eacdf5\" data-element_type=\"container\" data-e-type=\"container\" data-settings=\"{&quot;background_background&quot;:&quot;classic&quot;}\">\n\t\t\t\t\t<div class=\"e-con-inner\">\n\t\t\t\t<div class=\"elementor-element elementor-element-238985d elementor-widget elementor-widget-heading\" data-id=\"238985d\" data-element_type=\"widget\" data-e-type=\"widget\" data-widget_type=\"heading.default\">\n\t\t\t\t\t<h1 class=\"elementor-heading-title elementor-size-default\">Qui sommes-nous ?<\/h1>\t\t\t\t<\/div>\n\t\t\t\t\t<\/div>\n\t\t\t\t<\/div>\n\t\t<div class=\"elementor-element elementor-element-4ba366e3 e-flex e-con-boxed wpr-particle-no wpr-jarallax-no wpr-parallax-no wpr-sticky-section-no wpr-column-slider-no wpr-equal-height-no e-con e-parent\" data-id=\"4ba366e3\" data-element_type=\"container\" data-e-type=\"container\">\n\t\t\t\t\t<div class=\"e-con-inner\">\n\t\t<div class=\"elementor-element elementor-element-174e3675 e-flex e-con-boxed wpr-particle-no wpr-jarallax-no wpr-parallax-no wpr-sticky-section-no wpr-column-slider-no wpr-equal-height-no elementor-invisible e-con e-child\" data-id=\"174e3675\" data-element_type=\"container\" data-e-type=\"container\" data-settings=\"{&quot;animation&quot;:&quot;fadeInLeft&quot;}\">\n\t\t\t\t\t<div class=\"e-con-inner\">\n\t\t\t\t<div class=\"elementor-element elementor-element-5331521d elementor-invisible elementor-widget elementor-widget-image\" data-id=\"5331521d\" data-element_type=\"widget\" data-e-type=\"widget\" data-settings=\"{&quot;_animation&quot;:&quot;fadeIn&quot;}\" data-widget_type=\"image.default\">\n\t\t\t\t\t\t\t\t\t\t\t\t\t\t\t<img fetchpriority=\"high\" decoding=\"async\" width=\"1600\" height=\"1067\" src=\"https:\/\/armadagroup.construction\/wp-content\/uploads\/2025\/11\/pexels-expect-best-79873-323705-scaled-2.jpg\" class=\"attachment-full size-full wp-image-1954\" alt=\"\" srcset=\"https:\/\/armadagroup.construction\/wp-content\/uploads\/2025\/11\/pexels-expect-best-79873-323705-scaled-2.jpg 1600w, https:\/\/armadagroup.construction\/wp-content\/uploads\/2025\/11\/pexels-expect-best-79873-323705-scaled-2-300x200.jpg 300w, https:\/\/armadagroup.construction\/wp-content\/uploads\/2025\/11\/pexels-expect-best-79873-323705-scaled-2-1024x683.jpg 1024w, https:\/\/armadagroup.construction\/wp-content\/uploads\/2025\/11\/pexels-expect-best-79873-323705-scaled-2-768x512.jpg 768w, https:\/\/armadagroup.construction\/wp-content\/uploads\/2025\/11\/pexels-expect-best-79873-323705-scaled-2-1536x1024.jpg 1536w\" sizes=\"(max-width: 1600px) 100vw, 1600px\" \/>\t\t\t\t\t\t\t\t\t\t\t\t\t\t\t<\/div>\n\t\t\t\t\t<\/div>\n\t\t\t\t<\/div>\n\t\t<div class=\"elementor-element elementor-element-3904f692 e-flex e-con-boxed wpr-particle-no wpr-jarallax-no wpr-parallax-no wpr-sticky-section-no wpr-column-slider-no wpr-equal-height-no elementor-invisible e-con e-child\" data-id=\"3904f692\" data-element_type=\"container\" data-e-type=\"container\" data-settings=\"{&quot;animation&quot;:&quot;slideInRight&quot;}\">\n\t\t\t\t\t<div class=\"e-con-inner\">\n\t\t\t\t<div class=\"elementor-element elementor-element-37f55dcf elementor-widget elementor-widget-heading\" data-id=\"37f55dcf\" data-element_type=\"widget\" data-e-type=\"widget\" data-widget_type=\"heading.default\">\n\t\t\t\t\t<h2 class=\"elementor-heading-title elementor-size-default\">Qui sommes-nous ?<\/h2>\t\t\t\t<\/div>\n\t\t\t\t<div class=\"elementor-element elementor-element-770fa2cf elementor-widget elementor-widget-heading\" data-id=\"770fa2cf\" data-element_type=\"widget\" data-e-type=\"widget\" data-widget_type=\"heading.default\">\n\t\t\t\t\t<h2 class=\"elementor-heading-title elementor-size-default\">Mahamat Sougoudji Abakar<\/h2>\t\t\t\t<\/div>\n\t\t\t\t<div class=\"elementor-element elementor-element-928c598 elementor-widget elementor-widget-heading\" data-id=\"928c598\" data-element_type=\"widget\" data-e-type=\"widget\" data-widget_type=\"heading.default\">\n\t\t\t\t\t<h2 class=\"elementor-heading-title elementor-size-default\">Directeur g\u00e9n\u00e9ral<\/h2>\t\t\t\t<\/div>\n\t\t\t\t<div class=\"elementor-element elementor-element-7200e15e elementor-widget elementor-widget-heading\" data-id=\"7200e15e\" data-element_type=\"widget\" data-e-type=\"widget\" data-widget_type=\"heading.default\">\n\t\t\t\t\t<h2 class=\"elementor-heading-title elementor-size-default\">(ARMADA CONSTRUCTION GROUP)\n<\/h2>\t\t\t\t<\/div>\n\t\t\t\t<div class=\"elementor-element elementor-element-2a25b06d elementor-widget elementor-widget-text-editor\" data-id=\"2a25b06d\" data-element_type=\"widget\" data-e-type=\"widget\" data-widget_type=\"text-editor.default\">\n\t\t\t\t\t\t\t\t\t<p>\u00a0<\/p><p data-start=\"55\" data-end=\"564\">Depuis la cr\u00e9ation du groupe Armada en 2008, notre objectif a toujours \u00e9t\u00e9 clair : apporter un v\u00e9ritable changement dans le secteur de la construction et des infrastructures en Afrique et au Moyen-Orient.<br data-start=\"259\" data-end=\"262\" \/>Nous avons commenc\u00e9 avec des pas assur\u00e9s au Tchad, et aujourd\u2019hui, gr\u00e2ce \u00e0 la pers\u00e9v\u00e9rance et au travail acharn\u00e9, nous sommes devenus un groupe pr\u00e9sent dans plusieurs pays et impliqu\u00e9 dans la r\u00e9alisation de grands projets nationaux en collaboration avec les gouvernements et les institutions publiques.<\/p><p data-start=\"566\" data-end=\"865\">Au cours de plus de dix-sept ann\u00e9es de travail continu, nous avons acquis une expertise approfondie dans les domaines de la construction, de l\u2019\u00e9nergie et des projets d\u2019ing\u00e9nierie avanc\u00e9s, ce qui nous a permis de gagner la confiance de nos clients et d\u2019\u00e9tablir des partenariats strat\u00e9giques durables.<\/p><p data-start=\"867\" data-end=\"1160\">Chez Armada, nous croyons que la r\u00e9ussite ne se mesure pas uniquement \u00e0 la taille des projets, mais aussi \u00e0 l\u2019impact que nous laissons dans les communaut\u00e9s o\u00f9 nous intervenons.<br data-start=\"1043\" data-end=\"1046\" \/>Nous nous engageons toujours \u00e0 assurer la qualit\u00e9, la s\u00e9curit\u00e9 et l\u2019innovation dans tout ce que nous entreprenons.<\/p><p data-start=\"1162\" data-end=\"1334\">Notre vision pour l\u2019avenir est de continuer \u00e0 d\u00e9velopper nos activit\u00e9s et de contribuer \u00e0 b\u00e2tir des infrastructures solides et durables reliant l\u2019Afrique au reste du monde.<\/p><p data-start=\"1336\" data-end=\"1429\">Sous notre devise permanente :<br data-start=\"1366\" data-end=\"1369\" \/>\u00ab Nous construisons aujourd\u2019hui\u2026 pour un avenir plus fort. \u00bb<\/p>\t\t\t\t\t\t\t\t<\/div>\n\t\t\t\t\t<\/div>\n\t\t\t\t<\/div>\n\t\t\t\t\t<\/div>\n\t\t\t\t<\/div>\n\t\t<div class=\"elementor-element elementor-element-29f77c1 e-con-full e-flex wpr-particle-no wpr-jarallax-no wpr-parallax-no wpr-sticky-section-no wpr-column-slider-no wpr-equal-height-no e-con e-parent\" data-id=\"29f77c1\" data-element_type=\"container\" data-e-type=\"container\" data-settings=\"{&quot;background_background&quot;:&quot;classic&quot;}\">\n\t\t\t\t<div class=\"elementor-element elementor-element-96c6098 elementor-arrows-position-outside elementor-pagination-position-outside elementor-widget elementor-widget-image-carousel\" data-id=\"96c6098\" data-element_type=\"widget\" data-e-type=\"widget\" data-settings=\"{&quot;navigation&quot;:&quot;both&quot;,&quot;autoplay&quot;:&quot;yes&quot;,&quot;pause_on_hover&quot;:&quot;yes&quot;,&quot;pause_on_interaction&quot;:&quot;yes&quot;,&quot;autoplay_speed&quot;:5000,&quot;infinite&quot;:&quot;yes&quot;,&quot;speed&quot;:500,&quot;image_spacing_custom&quot;:{&quot;unit&quot;:&quot;px&quot;,&quot;size&quot;:20,&quot;sizes&quot;:[]},&quot;image_spacing_custom_laptop&quot;:{&quot;unit&quot;:&quot;px&quot;,&quot;size&quot;:&quot;&quot;,&quot;sizes&quot;:[]},&quot;image_spacing_custom_tablet&quot;:{&quot;unit&quot;:&quot;px&quot;,&quot;size&quot;:&quot;&quot;,&quot;sizes&quot;:[]},&quot;image_spacing_custom_mobile&quot;:{&quot;unit&quot;:&quot;px&quot;,&quot;size&quot;:&quot;&quot;,&quot;sizes&quot;:[]}}\" data-widget_type=\"image-carousel.default\">\n\t\t\t\t\t\t\t<div class=\"elementor-image-carousel-wrapper swiper\" role=\"region\" aria-roledescription=\"carousel\" aria-label=\"\u0639\u0627\u0631\u0636 \u0627\u0644\u0635\u0648\u0631\" dir=\"ltr\">\n\t\t\t<div class=\"elementor-image-carousel swiper-wrapper\" aria-live=\"off\">\n\t\t\t\t\t\t\t\t<div class=\"swiper-slide\" role=\"group\" aria-roledescription=\"slide\" aria-label=\"1 sur 4\"><figure class=\"swiper-slide-inner\"><img decoding=\"async\" class=\"swiper-slide-image\" src=\"https:\/\/armadagroup.construction\/wp-content\/uploads\/2025\/11\/WhatsApp-Image-2025-10-19-at-2.08.01-PM-1.webp\" alt=\"WhatsApp-Image-2025-10-19-at-2.08.01-PM-1\" \/><\/figure><\/div><div class=\"swiper-slide\" role=\"group\" aria-roledescription=\"slide\" aria-label=\"2 sur 4\"><figure class=\"swiper-slide-inner\"><img decoding=\"async\" class=\"swiper-slide-image\" src=\"https:\/\/armadagroup.construction\/wp-content\/uploads\/2025\/11\/WhatsApp-Image-2025-10-19-at-2.08.01-PM.webp\" alt=\"WhatsApp-Image-2025-10-19-at-2.08.01-PM\" \/><\/figure><\/div><div class=\"swiper-slide\" role=\"group\" aria-roledescription=\"slide\" aria-label=\"3 sur 4\"><figure class=\"swiper-slide-inner\"><img decoding=\"async\" class=\"swiper-slide-image\" src=\"https:\/\/armadagroup.construction\/wp-content\/uploads\/2025\/11\/WhatsApp-Image-2025-10-19-at-2.08.00-PM-1.webp\" alt=\"WhatsApp-Image-2025-10-19-at-2.08.00-PM-1\" \/><\/figure><\/div><div class=\"swiper-slide\" role=\"group\" aria-roledescription=\"slide\" aria-label=\"4 sur 4\"><figure class=\"swiper-slide-inner\"><img decoding=\"async\" class=\"swiper-slide-image\" src=\"https:\/\/armadagroup.construction\/wp-content\/uploads\/2025\/11\/WhatsApp-Image-2025-10-19-at-2.08.00-PM.webp\" alt=\"WhatsApp-Image-2025-10-19-at-2.08.00-PM\" \/><\/figure><\/div>\t\t\t<\/div>\n\t\t\t\t\t\t\t\t\t\t\t\t<div class=\"elementor-swiper-button elementor-swiper-button-prev\" role=\"button\" tabindex=\"0\">\n\t\t\t\t\t\t<svg aria-hidden=\"true\" class=\"e-font-icon-svg e-eicon-chevron-left\" viewBox=\"0 0 1000 1000\" xmlns=\"http:\/\/www.w3.org\/2000\/svg\"><path d=\"M646 125C629 125 613 133 604 142L308 442C296 454 292 471 292 487 292 504 296 521 308 533L604 854C617 867 629 875 646 875 663 875 679 871 692 858 704 846 713 829 713 812 713 796 708 779 692 767L438 487 692 225C700 217 708 204 708 187 708 171 704 154 692 142 675 129 663 125 646 125Z\"><\/path><\/svg>\t\t\t\t\t<\/div>\n\t\t\t\t\t<div class=\"elementor-swiper-button elementor-swiper-button-next\" role=\"button\" tabindex=\"0\">\n\t\t\t\t\t\t<svg aria-hidden=\"true\" class=\"e-font-icon-svg e-eicon-chevron-right\" viewBox=\"0 0 1000 1000\" xmlns=\"http:\/\/www.w3.org\/2000\/svg\"><path d=\"M696 533C708 521 713 504 713 487 713 471 708 454 696 446L400 146C388 133 375 125 354 125 338 125 325 129 313 142 300 154 292 171 292 187 292 204 296 221 308 233L563 492 304 771C292 783 288 800 288 817 288 833 296 850 308 863 321 871 338 875 354 875 371 875 388 867 400 854L696 533Z\"><\/path><\/svg>\t\t\t\t\t<\/div>\n\t\t\t\t\n\t\t\t\t\t\t\t\t\t<div class=\"swiper-pagination\"><\/div>\n\t\t\t\t\t\t\t\t\t<\/div>\n\t\t\t\t\t\t<\/div>\n\t\t\t\t<\/div>\n\t\t<div class=\"elementor-element elementor-element-199f5dd9 e-con-full e-flex wpr-particle-no wpr-jarallax-no wpr-parallax-no wpr-sticky-section-no wpr-column-slider-no wpr-equal-height-no e-con e-parent\" data-id=\"199f5dd9\" data-element_type=\"container\" data-e-type=\"container\">\n\t\t\t\t<div class=\"elementor-element elementor-element-59028938 elementor-widget elementor-widget-html\" data-id=\"59028938\" data-element_type=\"widget\" data-e-type=\"widget\" data-widget_type=\"html.default\">\n\t\t\t\t\t<!DOCTYPE html>\r\n<html lang=\"fr\" dir=\"ltr\">\r\n<head>\r\n  <meta charset=\"UTF-8\">\r\n  <meta name=\"viewport\" content=\"width=device-width, initial-scale=1.0\">\r\n  <title>Our Vision, Mission, Values, Goals & Experience - ARMADA<\/title>\r\n  <style>\r\n    * {\r\n      margin: 0;\r\n      padding: 0;\r\n      box-sizing: border-box;\r\n    }\r\n\r\n    body {\r\n      font-family: 'Segoe UI', Tahoma, Geneva, Verdana, sans-serif;\r\n      background: #0a0a0a;\r\n      color: #fff;\r\n      overflow-x: hidden;\r\n    }\r\n\r\n    .vision-section {\r\n      padding: 80px 5%;\r\n      background: linear-gradient(135deg, rgba(10, 10, 10, 0.95) 0%, rgba(20, 20, 20, 0.95) 100%);\r\n      position: relative;\r\n      overflow: hidden;\r\n    }\r\n\r\n    .vision-section::before {\r\n      content: '';\r\n      position: absolute;\r\n      top: 0;\r\n      left: 0;\r\n      right: 0;\r\n      bottom: 0;\r\n      background: radial-gradient(circle at 20% 50%, rgba(253, 220, 1, 0.1) 0%, transparent 50%),\r\n                  radial-gradient(circle at 80% 50%, rgba(253, 220, 1, 0.05) 0%, transparent 50%);\r\n      pointer-events: none;\r\n    }\r\n\r\n    .vision-container {\r\n      max-width: 1400px;\r\n      margin: 0 auto;\r\n      position: relative;\r\n      z-index: 1;\r\n    }\r\n\r\n    .main-title {\r\n      text-align: center;\r\n      margin-bottom: 60px;\r\n      opacity: 0;\r\n      animation: fadeInDown 1s ease forwards;\r\n    }\r\n\r\n    @keyframes fadeInDown {\r\n      from { opacity: 0; transform: translateY(-50px); }\r\n      to { opacity: 1; transform: translateY(0); }\r\n    }\r\n\r\n    .main-title h2 {\r\n      font-size: 3.5rem;\r\n      color: #fddc01;\r\n      margin-bottom: 15px;\r\n      font-weight: 700;\r\n      text-shadow: 0 0 30px rgba(253, 220, 1, 0.3);\r\n    }\r\n\r\n    .main-title .subtitle {\r\n      font-size: 1.3rem;\r\n      color: rgba(255, 255, 255, 0.8);\r\n      font-weight: 300;\r\n    }\r\n\r\n    .title-line {\r\n      width: 120px;\r\n      height: 4px;\r\n      background: linear-gradient(90deg, transparent, #fddc01, transparent);\r\n      margin: 20px auto;\r\n      border-radius: 2px;\r\n    }\r\n\r\n    .vision-cards {\r\n      display: grid;\r\n      grid-template-columns: repeat(auto-fit, minmax(350px, 1fr));\r\n      gap: 40px;\r\n      margin: 60px 0;\r\n    }\r\n\r\n    .vision-card {\r\n      background: linear-gradient(135deg, rgba(253, 220, 1, 0.05) 0%, rgba(10, 10, 10, 0.8) 100%);\r\n      border: 2px solid rgba(253, 220, 1, 0.2);\r\n      border-radius: 20px;\r\n      padding: 40px 30px;\r\n      position: relative;\r\n      overflow: hidden;\r\n      transition: all 0.5s cubic-bezier(0.4, 0, 0.2, 1);\r\n      opacity: 0;\r\n      transform: translateY(50px);\r\n      animation: slideUp 0.8s ease forwards;\r\n    }\r\n\r\n    .vision-card:nth-child(1){animation-delay:.2s;}\r\n    .vision-card:nth-child(2){animation-delay:.4s;}\r\n    .vision-card:nth-child(3){animation-delay:.6s;}\r\n    .vision-card:nth-child(4){animation-delay:.8s;}\r\n    .vision-card:nth-child(5){animation-delay:1s;}\r\n\r\n    @keyframes slideUp {\r\n      to { opacity: 1; transform: translateY(0); }\r\n    }\r\n\r\n    .card-header {\r\n      display: flex;\r\n      align-items: center;\r\n      gap: 20px;\r\n      margin-bottom: 25px;\r\n    }\r\n\r\n    .card-icon {\r\n      width: 80px;\r\n      height: 80px;\r\n      background: linear-gradient(135deg, #fddc01 0%, #ffc700 100%);\r\n      border-radius: 50%;\r\n      display: flex;\r\n      align-items: center;\r\n      justify-content: center;\r\n      font-size: 2.5rem;\r\n      box-shadow: 0 10px 30px rgba(253, 220, 1, 0.4);\r\n      position: relative;\r\n    }\r\n\r\n    .card-title h3 {\r\n      font-size: 2rem;\r\n      color: #fddc01;\r\n      margin-bottom: 5px;\r\n      font-weight: 700;\r\n    }\r\n\r\n    .card-subtitle {\r\n      font-size: 0.9rem;\r\n      color: rgba(255, 255, 255, 0.6);\r\n      text-transform: uppercase;\r\n      letter-spacing: 1px;\r\n    }\r\n\r\n    .card-content ul { list-style: none; padding: 0; }\r\n    .card-content li {\r\n      padding: 15px 0;\r\n      padding-left: 35px;\r\n      position: relative;\r\n      font-size: 1.1rem;\r\n      line-height: 1.8;\r\n      color: rgba(255, 255, 255, 0.9);\r\n      border-bottom: 1px solid rgba(253, 220, 1, 0.1);\r\n    }\r\n\r\n    .card-content li::before {\r\n      content: '\ud83d\udd39';\r\n      position: absolute;\r\n      left: 0;\r\n      top: 15px;\r\n      font-size: 1.2rem;\r\n    }\r\n\r\n    .card-content li:last-child { border-bottom: none; }\r\n\r\n    @media (max-width: 768px){\r\n      .vision-cards{grid-template-columns:1fr;}\r\n      .main-title h2{font-size:2rem;}\r\n    }\r\n  <\/style>\r\n<\/head>\r\n<body>\r\n  <section class=\"vision-section\">\r\n    <div class=\"vision-container\">\r\n      <div class=\"main-title\">\r\n        <h2>\ud83c\udfaf Vision, Mission, Valeurs, Objectifs & Exp\u00e9rience<\/h2>\r\n        <div class=\"title-line\"><\/div>\r\n        <p class=\"subtitle\">Construire l\u2019avenir avec confiance et innovation<\/p>\r\n      <\/div>\r\n\r\n      <div class=\"vision-cards\">\r\n        <!-- Vision -->\r\n        <div class=\"vision-card\">\r\n          <div class=\"card-header\">\r\n            <div class=\"card-icon\">\ud83c\udfaf<\/div>\r\n            <div class=\"card-title\">\r\n              <h3>Notre Vision<\/h3>\r\n              <span class=\"card-subtitle\">Notre Vision<\/span>\r\n            <\/div>\r\n          <\/div>\r\n          <div class=\"card-content\">\r\n            <ul>\r\n              <li>Devenir le premier choix en Afrique et au Moyen-Orient pour des projets d\u2019infrastructure de haute qualit\u00e9<\/li>\r\n              <li>Favoriser le d\u00e9veloppement gr\u00e2ce \u00e0 des solutions d\u2019ing\u00e9nierie innovantes et durables<\/li>\r\n            <\/ul>\r\n          <\/div>\r\n        <\/div>\r\n\r\n        <!-- Mission -->\r\n        <div class=\"vision-card\">\r\n          <div class=\"card-header\">\r\n            <div class=\"card-icon\">\ud83d\udca1<\/div>\r\n            <div class=\"card-title\">\r\n              <h3>Notre Mission<\/h3>\r\n              <span class=\"card-subtitle\">NOTRE MISSION<\/span>\r\n            <\/div>\r\n          <\/div>\r\n          <div class=\"card-content\">\r\n            <ul>\r\n              <li>Construire des projets qui am\u00e9liorent les vies et stimulent la croissance \u00e9conomique<\/li>\r\n              <li>Livrer des projets bas\u00e9s sur la qualit\u00e9, la s\u00e9curit\u00e9 et le respect des d\u00e9lais<\/li>\r\n            <\/ul>\r\n          <\/div>\r\n        <\/div>\r\n\r\n        <!-- Values -->\r\n        <div class=\"vision-card\">\r\n          <div class=\"card-header\">\r\n            <div class=\"card-icon\">\u2b50<\/div>\r\n            <div class=\"card-title\">\r\n              <h3>Nos Valeurs<\/h3>\r\n              <span class=\"card-subtitle\">NOS VALEURS<\/span>\r\n            <\/div>\r\n          <\/div>\r\n          <div class=\"card-content\">\r\n            <ul>\r\n              <li><strong>Int\u00e9grit\u00e9:<\/strong> la confiance est le fondement<\/li>\r\n              <li><strong>Excellence:<\/strong> la qualit\u00e9 dans les moindres d\u00e9tails <\/li>\r\n              <li><strong>Engagement:<\/strong> nous respectons nos promesses<\/li>\r\n              <li><strong>Innovation:<\/strong>Nous utilisons les derni\u00e8res technologies d\u2019ing\u00e9nierie<\/li>\r\n              <li><strong>Partenariat:<\/strong>Nous construisons des relations qui durent pendant des d\u00e9cennies<\/li>\r\n            <\/ul>\r\n          <\/div>\r\n        <\/div>\r\n\r\n        <!-- Goals -->\r\n        <div class=\"vision-card\">\r\n          <div class=\"card-header\">\r\n            <div class=\"card-icon\">\ud83d\ude80<\/div>\r\n            <div class=\"card-title\">\r\n              <h3>Nos Objectifs<\/h3>\r\n              <span class=\"card-subtitle\">NOS OBJECTIFS<\/span>\r\n            <\/div>\r\n          <\/div>\r\n          <div class=\"card-content\">\r\n            <ul>\r\n              <li>\u00catre un partenaire strat\u00e9gique pour les gouvernements et les investisseurs en Afrique et au Moyen-Orient<\/li>\r\n              <li>Contribuer au d\u00e9veloppement des infrastructures et connecter les continents \u00e0 travers des projets d\u2019ing\u00e9nierie d\u2019avenir<\/li>\r\n            <\/ul>\r\n          <\/div>\r\n        <\/div>\r\n\r\n        <!-- Experience -->\r\n        <div class=\"vision-card\">\r\n          <div class=\"card-header\">\r\n            <div class=\"card-icon\">\ud83c\udfd7\ufe0f<\/div>\r\n            <div class=\"card-title\">\r\n              <h3>Notre Exp\u00e9rience<\/h3>\r\n              <span class=\"card-subtitle\">NOTRE EXP\u00c9RIENCE<\/span>\r\n            <\/div>\r\n          <\/div>\r\n          <div class=\"card-content\">\r\n            <ul>\r\n              <li>Plus de 17 ans d\u2019exp\u00e9rience continue dans la construction et les infrastructures<\/li>\r\n              <li>Mise en \u0153uvre de grands projets gouvernementaux en collaboration avec les minist\u00e8res et les autorit\u00e9s publiques<\/li>\r\n              <li>Capacit\u00e9 \u00e0 g\u00e9rer des budgets de projets multi-pays importants<\/li>\r\n              \r\n              <li>Application des syst\u00e8mes d\u2019ing\u00e9nierie modernes et des normes de qualit\u00e9 internationales<\/li>\r\n              <li>Gestion efficace des op\u00e9rations dans six pays gr\u00e2ce \u00e0 une structure administrative unifi\u00e9e<\/li>\r\n            <\/ul>\r\n          <\/div>\r\n        <\/div>\r\n      <\/div>\r\n    <\/div>\r\n  <\/section>\r\n<\/body>\r\n<\/html>\r\n\r\n\t\t\t\t<\/div>\n\t\t\t\t<\/div>\n\t\t\t\t<\/div>\n\t\t","protected":false},"excerpt":{"rendered":"<p>Qui sommes-nous ? Qui sommes-nous ? Mahamat Sougoudji Abakar Directeur g\u00e9n\u00e9ral (ARMADA CONSTRUCTION GROUP) \u00a0 Depuis la cr\u00e9ation du groupe Armada en 2008, notre objectif a toujours \u00e9t\u00e9 clair : apporter un v\u00e9ritable changement dans le secteur de la construction et des infrastructures en Afrique et au Moyen-Orient.Nous avons commenc\u00e9 avec des pas assur\u00e9s au Tchad, et aujourd\u2019hui, gr\u00e2ce \u00e0 la pers\u00e9v\u00e9rance et au travail acharn\u00e9, nous sommes devenus un groupe pr\u00e9sent dans plusieurs pays et impliqu\u00e9 dans la r\u00e9alisation de grands projets nationaux en collaboration avec les gouvernements et les institutions publiques. Au cours de plus de dix-sept ann\u00e9es de travail continu, nous avons acquis une expertise approfondie dans les domaines de la construction, de l\u2019\u00e9nergie et des projets d\u2019ing\u00e9nierie avanc\u00e9s, ce qui nous a permis de gagner la confiance de nos clients et d\u2019\u00e9tablir des partenariats strat\u00e9giques durables. Chez Armada, nous croyons que la r\u00e9ussite ne se mesure pas uniquement \u00e0 la taille des projets, mais aussi \u00e0 l\u2019impact que nous laissons dans les communaut\u00e9s o\u00f9 nous intervenons.Nous nous engageons toujours \u00e0 assurer la qualit\u00e9, la s\u00e9curit\u00e9 et l\u2019innovation dans tout ce que nous entreprenons. Notre vision pour l\u2019avenir est de continuer \u00e0 d\u00e9velopper nos activit\u00e9s et de contribuer \u00e0 b\u00e2tir des infrastructures solides et durables reliant l\u2019Afrique au reste du monde. Sous notre devise permanente :\u00ab Nous construisons aujourd\u2019hui\u2026 pour un avenir plus fort. \u00bb Our Vision, Mission, Values, Goals &#038; Experience &#8211; ARMADA \ud83c\udfaf Vision, Mission, Valeurs, Objectifs &#038; Exp\u00e9rience Construire l\u2019avenir avec confiance et innovation \ud83c\udfaf Notre Vision Notre Vision Devenir le premier choix en Afrique et au Moyen-Orient pour des projets d\u2019infrastructure de haute qualit\u00e9 Favoriser le d\u00e9veloppement gr\u00e2ce \u00e0 des solutions d\u2019ing\u00e9nierie innovantes et durables \ud83d\udca1 Notre Mission NOTRE MISSION Construire des projets qui am\u00e9liorent les vies et stimulent la croissance \u00e9conomique Livrer des projets bas\u00e9s sur la qualit\u00e9, la s\u00e9curit\u00e9 et le respect des d\u00e9lais \u2b50 Nos Valeurs NOS VALEURS Int\u00e9grit\u00e9: la confiance est le fondement Excellence: la qualit\u00e9 dans les moindres d\u00e9tails Engagement: nous respectons nos promesses Innovation:Nous utilisons les derni\u00e8res technologies d\u2019ing\u00e9nierie Partenariat:Nous construisons des relations qui durent pendant des d\u00e9cennies \ud83d\ude80 Nos Objectifs NOS OBJECTIFS \u00catre un partenaire strat\u00e9gique pour les gouvernements et les investisseurs en Afrique et au Moyen-Orient Contribuer au d\u00e9veloppement des infrastructures et connecter les continents \u00e0 travers des projets d\u2019ing\u00e9nierie d\u2019avenir \ud83c\udfd7\ufe0f Notre Exp\u00e9rience NOTRE EXP\u00c9RIENCE Plus de 17 ans d\u2019exp\u00e9rience continue dans la construction et les infrastructures Mise en \u0153uvre de grands projets gouvernementaux en collaboration avec les minist\u00e8res et les autorit\u00e9s publiques Capacit\u00e9 \u00e0 g\u00e9rer des budgets de projets multi-pays importants Application des syst\u00e8mes d\u2019ing\u00e9nierie modernes et des normes de qualit\u00e9 internationales Gestion efficace des op\u00e9rations dans six pays gr\u00e2ce \u00e0 une structure administrative unifi\u00e9e<\/p>\n","protected":false},"author":1,"featured_media":0,"parent":0,"menu_order":0,"comment_status":"closed","ping_status":"closed","template":"","meta":{"footnotes":""},"class_list":["post-2004","page","type-page","status-publish","hentry"],"_hostinger_reach_plugin_has_subscription_block":false,"_hostinger_reach_plugin_is_elementor":false,"acf":[],"_links":{"self":[{"href":"https:\/\/armadagroup.construction\/fr\/wp-json\/wp\/v2\/pages\/2004","targetHints":{"allow":["GET"]}}],"collection":[{"href":"https:\/\/armadagroup.construction\/fr\/wp-json\/wp\/v2\/pages"}],"about":[{"href":"https:\/\/armadagroup.construction\/fr\/wp-json\/wp\/v2\/types\/page"}],"author":[{"embeddable":true,"href":"https:\/\/armadagroup.construction\/fr\/wp-json\/wp\/v2\/users\/1"}],"replies":[{"embeddable":true,"href":"https:\/\/armadagroup.construction\/fr\/wp-json\/wp\/v2\/comments?post=2004"}],"version-history":[{"count":31,"href":"https:\/\/armadagroup.construction\/fr\/wp-json\/wp\/v2\/pages\/2004\/revisions"}],"predecessor-version":[{"id":3578,"href":"https:\/\/armadagroup.construction\/fr\/wp-json\/wp\/v2\/pages\/2004\/revisions\/3578"}],"wp:attachment":[{"href":"https:\/\/armadagroup.construction\/fr\/wp-json\/wp\/v2\/media?parent=2004"}],"curies":[{"name":"wp","href":"https:\/\/api.w.org\/{rel}","templated":true}]}}